{"id":20,"date":"2024-05-03T07:19:05","date_gmt":"2024-05-03T07:19:05","guid":{"rendered":"http:\/\/rightmedia.123websitedev.com\/?page_id=20"},"modified":"2026-03-10T22:40:26","modified_gmt":"2026-03-10T15:40:26","slug":"lien-he","status":"publish","type":"page","link":"https:\/\/rightmedia.vn\/en\/contact\/","title":{"rendered":"Contact"},"content":{"rendered":"<div data-elementor-type=\"wp-page\" data-elementor-id=\"20\" class=\"elementor elementor-20\" data-elementor-post-type=\"page\">\n\t\t\t\t<div class=\"elementor-element elementor-element-a614d1b e-con-full e-flex e-con e-parent\" data-id=\"a614d1b\" data-element_type=\"container\" data-e-type=\"container\">\n\t\t<div class=\"elementor-element elementor-element-e5aa599 e-con-full e-flex e-con e-child\" data-id=\"e5aa599\" data-element_type=\"container\" data-e-type=\"container\" data-settings=\"{&quot;background_background&quot;:&quot;gradient&quot;}\">\n\t\t<div class=\"elementor-element elementor-element-ea26545 e-flex e-con-boxed e-con e-child\" data-id=\"ea26545\" data-element_type=\"container\" data-e-type=\"container\">\n\t\t\t\t\t<div class=\"e-con-inner\">\n\t\t\t\t<div class=\"elementor-element elementor-element-fb96f0d elementor-widget elementor-widget-heading\" data-id=\"fb96f0d\" data-element_type=\"widget\" data-e-type=\"widget\" data-widget_type=\"heading.default\">\n\t\t\t\t<div class=\"elementor-widget-container\">\n\t\t\t\t\t<h1 class=\"elementor-heading-title elementor-size-default\">Contact<\/h1>\t\t\t\t<\/div>\n\t\t\t\t<\/div>\n\t\t\t\t<div class=\"elementor-element elementor-element-3adb7c6 hotline-color elementor-widget elementor-widget-text-editor\" data-id=\"3adb7c6\" data-element_type=\"widget\" data-e-type=\"widget\" data-widget_type=\"text-editor.default\">\n\t\t\t\t<div class=\"elementor-widget-container\">\n\t\t\t\t\t\t\t\t\t<h5>HOTLINE<\/h5><p>0901 391 002 (Peter Phan)<\/p><h5>E-MAIL<\/h5><p>anhtai@rightmedia.vn | info@rightmedia.vn<\/p><h5>SAIGON OFFICE<\/h5><p>06 Binh Quoi Street, Binh Quoi Ward, Ho Chi Minh City<\/p><h5>HANOI OFFICE<\/h5><p>105-E5-Trung Tu Street \u2013 Dong Da District \u2013 Hanoi<\/p>\t\t\t\t\t\t\t\t<\/div>\n\t\t\t\t<\/div>\n\t\t\t\t\t<\/div>\n\t\t\t\t<\/div>\n\t\t\t\t<\/div>\n\t\t<div class=\"elementor-element elementor-element-012a9ec e-con-full e-flex e-con e-child\" data-id=\"012a9ec\" data-element_type=\"container\" data-e-type=\"container\">\n\t\t\t\t<div class=\"elementor-element elementor-element-0ec12bd elementor-widget elementor-widget-heading\" data-id=\"0ec12bd\" data-element_type=\"widget\" data-e-type=\"widget\" data-widget_type=\"heading.default\">\n\t\t\t\t<div class=\"elementor-widget-container\">\n\t\t\t\t\t<h2 class=\"elementor-heading-title elementor-size-default\">Contact us now - instant deals!<\/h2>\t\t\t\t<\/div>\n\t\t\t\t<\/div>\n\t\t<div class=\"elementor-element elementor-element-0c2fdcb e-flex e-con-boxed e-con e-child\" data-id=\"0c2fdcb\" data-element_type=\"container\" data-e-type=\"container\" data-settings=\"{&quot;background_background&quot;:&quot;classic&quot;}\">\n\t\t\t\t\t<div class=\"e-con-inner\">\n\t\t\t\t<div class=\"elementor-element elementor-element-e097006 fluent-form-widget-step-header-yes fluent-form-widget-step-progressbar-yes fluentform-widget-submit-button-custom elementor-widget elementor-widget-fluent-form-widget\" data-id=\"e097006\" data-element_type=\"widget\" data-e-type=\"widget\" data-widget_type=\"fluent-form-widget.default\">\n\t\t\t\t<div class=\"elementor-widget-container\">\n\t\t\t\t\t\n            <div class=\"fluentform-widget-wrapper fluentform-widget-align-default\">\n\n            \n            <div class='fluentform ff-default fluentform_wrapper_1 ffs_default_wrap'><form data-form_id=\"1\" id=\"fluentform_1\" class=\"frm-fluent-form fluent_form_1 ff-el-form-top ff_form_instance_1_1 ff-form-loading ffs_default\" data-form_instance=\"ff_form_instance_1_1\" method=\"POST\" action=\"\" ><fieldset  style=\"border: none!important;margin: 0!important;padding: 0!important;background-color: transparent!important;box-shadow: none!important;outline: none!important; min-inline-size: 100%;\">\n                    <legend class=\"ff_screen_reader_title\" style=\"display: block; margin: 0!important;padding: 0!important;height: 0!important;text-indent: -999999px;width: 0!important;overflow:hidden;\">Contact Form<\/legend><input type='hidden' name='__fluent_form_embded_post_id' value='20' \/><input type=\"hidden\" id=\"_fluentform_1_fluentformnonce\" name=\"_fluentform_1_fluentformnonce\" value=\"c92aa4a8ab\" \/><input type=\"hidden\" name=\"_wp_http_referer\" value=\"\/en\/wp-json\/wp\/v2\/pages\/20\" \/><div data-type=\"name-element\" data-name=\"names\" class=\"ff-field_container ff-name-field-wrapper\" ><div class='ff-t-container'><div class='ff-t-cell'><div class='ff-el-group  ff-el-form-hide_label'><div class=\"ff-el-input--label asterisk-right\"><label for='ff_1_names_first_name_' id='label_ff_1_names_first_name_' >Your name<\/label><\/div><div class='ff-el-input--content'><input type=\"text\" name=\"names[first_name]\" id=\"ff_1_names_first_name_\" class=\"ff-el-form-control\" placeholder=\"Your name\" aria-invalid=\"false\" aria-required=\"false\"><\/div><\/div><\/div><\/div><\/div><div class='ff-el-group ff-el-form-hide_label'><div class=\"ff-el-input--label asterisk-right\"><label for='ff_1_phone' id='label_ff_1_phone' aria-label=\"Phone number\">Phone number<\/label><\/div><div class='ff-el-input--content'><input name=\"phone\" class=\"ff-el-form-control ff-el-phone\" type=\"tel\" placeholder=\"Phone number\" data-name=\"phone\" id=\"ff_1_phone\" inputmode=\"tel\"  aria-invalid='false' aria-required=\"false\"><\/div><\/div><div class='ff-el-group ff-el-form-hide_label'><div class=\"ff-el-input--label ff-el-is-required asterisk-right\"><label for='ff_1_email' id='label_ff_1_email' aria-label=\"E-mail\">E-mail<\/label><\/div><div class='ff-el-input--content'><input type=\"email\" name=\"email\" id=\"ff_1_email\" class=\"ff-el-form-control\" placeholder=\"Work email\" data-name=\"email\"  aria-invalid=\"false\" aria-required=\"true\"><\/div><\/div><div class='ff-el-group ff-el-form-hide_label'><div class=\"ff-el-input--label asterisk-right\"><label for='ff_1_dropdown' id='label_ff_1_dropdown' aria-label=\"Area\">Area<\/label><\/div><div class='ff-el-input--content'><select name=\"dropdown\" id=\"ff_1_dropdown\" class=\"ff-el-form-control\" data-name=\"dropdown\" data-calc_value=\"0\"  aria-invalid=\"false\" aria-required=\"false\" aria-labelledby=\"label_ff_1_dropdown\"><option value=\"\">Area<\/option><option value=\"H\u00e0 N\u1ed9i\"  >Hanoi<\/option><option value=\"S\u00e0i G\u00f2n\"  >Saigon<\/option><option value=\"Mi\u1ec1n B\u1eafc\"  >North<\/option><option value=\"Mi\u1ec1n Trung\"  >Central region<\/option><option value=\"Mi\u1ec1n Nam\"  >Southern<\/option><\/select><\/div><\/div><div class='ff-el-group ff-el-form-hide_label'><div class=\"ff-el-input--label asterisk-right\"><label for='ff_1_multi_select' id='label_ff_1_multi_select' aria-label=\"Customer service\">Customer service<\/label><\/div><div class='ff-el-input--content'><select name=\"multi_select[]\" id=\"ff_1_multi_select\" class=\"ff-el-form-control  ff_has_multi_select\" placeholder=\"D\u1ecbch v\u1ee5 quan t\u00e2m\" multiple=\"1\" data-name=\"multi_select\" data-calc_value=\"0\"  aria-invalid=\"false\" aria-required=\"false\" aria-labelledby=\"label_ff_1_multi_select\"><option value=\"\">Customer service<\/option><option value=\"Phim doanh nghi\u1ec7p\"  >Corporate films<\/option><option value=\"TVC s\u1ea3n ph\u1ea9m\"  >Product TVC<\/option><option value=\"Branding TVC\"  >Branding TVC<\/option><option value=\"Viral Clip\"  >Viral Clip<\/option><option value=\"Review video\"  >Video review<\/option><option value=\"Ch\u1ee5p h\u00ecnh\"  >Take a photo<\/option><option value=\"Short video\"  >Short video<\/option><option value=\"H\u1eadu k\u1ef3 video\"  >Video post-production<\/option><option value=\"D\u1ecbch v\u1ee5 kh\u00e1c\"  >Other services<\/option><\/select><\/div><\/div><div class='ff-el-group ff-el-form-hide_label'><div class=\"ff-el-input--label ff-el-is-required asterisk-right\"><label for='ff_1_message' id='label_ff_1_message' aria-label=\"Add description\">Add description<\/label><\/div><div class='ff-el-input--content'><textarea aria-required=\"true\" aria-labelledby=\"label_ff_1_message\" name=\"message\" id=\"ff_1_message\" class=\"ff-el-form-control\" placeholder=\"Add description\" rows=\"4\" cols=\"2\" data-name=\"message\" ><\/textarea><\/div><\/div><div class='ff-el-group ff-text-left ff_submit_btn_wrapper'><button type=\"submit\" class=\"ff-btn ff-btn-submit ff-btn-md ff_btn_style\"  aria-label=\"Send now\">Send now<\/button><\/div><\/fieldset><input type=\"hidden\" name=\"trp-form-language\" value=\"en\"\/><\/form><div id='fluentform_1_errors' class='ff-errors-in-stack ff_form_instance_1_1 ff-form-loading_errors ff_form_instance_1_1_errors'><\/div><\/div>            <script type=\"text\/javascript\">\n                window.fluent_form_ff_form_instance_1_1 = {\"id\":\"1\",\"settings\":{\"layout\":{\"labelPlacement\":\"top\",\"helpMessagePlacement\":\"with_label\",\"errorMessagePlacement\":\"inline\",\"cssClassName\":\"\",\"asteriskPlacement\":\"asterisk-right\"},\"restrictions\":{\"denyEmptySubmission\":{\"enabled\":false}}},\"form_instance\":\"ff_form_instance_1_1\",\"form_id_selector\":\"fluentform_1\",\"rules\":{\"names[first_name]\":{\"required\":{\"value\":false,\"message\":\"This field is required\",\"global\":false,\"global_message\":\"Tr\\u01b0\\u1eddng n\\u00e0y l\\u00e0 b\\u1eaft bu\\u1ed9c\"}},\"names[middle_name]\":{\"required\":{\"value\":false,\"message\":\"This field is required\",\"global\":false,\"global_message\":\"Tr\\u01b0\\u1eddng n\\u00e0y l\\u00e0 b\\u1eaft bu\\u1ed9c\"}},\"names[last_name]\":{\"required\":{\"value\":false,\"message\":\"This field is required\",\"global\":false,\"global_message\":\"Tr\\u01b0\\u1eddng n\\u00e0y l\\u00e0 b\\u1eaft bu\\u1ed9c\"}},\"phone\":{\"required\":{\"value\":false,\"message\":\"This field is required\",\"global\":false,\"global_message\":\"Tr\\u01b0\\u1eddng n\\u00e0y l\\u00e0 b\\u1eaft bu\\u1ed9c\"},\"valid_phone_number\":{\"value\":false,\"message\":\"Phone number is not valid\",\"global\":false,\"global_message\":\"Phone number is not valid\"}},\"email\":{\"required\":{\"value\":true,\"message\":\"This field is required\",\"global\":false,\"global_message\":\"Tr\\u01b0\\u1eddng n\\u00e0y l\\u00e0 b\\u1eaft bu\\u1ed9c\"},\"email\":{\"value\":true,\"message\":\"This field must contain a valid email\",\"global\":false,\"global_message\":\"Tr\\u01b0\\u1eddng n\\u00e0y ph\\u1ea3i ch\\u1ee9a m\\u1ed9t email h\\u1ee3p l\\u1ec7\"}},\"dropdown\":{\"required\":{\"value\":false,\"message\":\"This field is required\",\"global_message\":\"Tr\\u01b0\\u1eddng n\\u00e0y l\\u00e0 b\\u1eaft bu\\u1ed9c\",\"global\":true}},\"multi_select\":{\"required\":{\"value\":false,\"message\":\"This field is required\",\"global_message\":\"Tr\\u01b0\\u1eddng n\\u00e0y l\\u00e0 b\\u1eaft bu\\u1ed9c\",\"global\":true}},\"message\":{\"required\":{\"value\":true,\"message\":\"This field is required\",\"global\":false,\"global_message\":\"Tr\\u01b0\\u1eddng n\\u00e0y l\\u00e0 b\\u1eaft bu\\u1ed9c\"}}},\"debounce_time\":300};\n                            <\/script>\n                        <\/div>\n\n            \t\t\t\t<\/div>\n\t\t\t\t<\/div>\n\t\t\t\t\t<\/div>\n\t\t\t\t<\/div>\n\t\t\t\t<\/div>\n\t\t<div class=\"elementor-element elementor-element-abffadd e-con-full e-flex e-con e-child\" data-id=\"abffadd\" data-element_type=\"container\" data-e-type=\"container\">\n\t\t\t\t<div class=\"elementor-element elementor-element-cd54a48 elementor-widget elementor-widget-html\" data-id=\"cd54a48\" data-element_type=\"widget\" data-e-type=\"widget\" data-widget_type=\"html.default\">\n\t\t\t\t<div class=\"elementor-widget-container\">\n\t\t\t\t\t<iframe src=\"https:\/\/www.google.com\/maps\/embed?pb=!1m18!1m12!1m3!1d3918.8328167938485!2d106.7362722!3d10.824103000000001!2m3!1f0!2f0!3f0!3m2!1i1024!2i768!4f13.1!3m3!1m2!1s0x317529dabb2e701d%3A0x925764934afe36ad!2sRight%20Media!5e0!3m2!1svi!2s!4v1773157227451!5m2!1svi!2s\" width=\"600\" height=\"700\" style=\"border:0;\" allowfullscreen=\"\" loading=\"lazy\" referrerpolicy=\"no-referrer-when-downgrade\"><\/iframe>\t\t\t\t<\/div>\n\t\t\t\t<\/div>\n\t\t\t\t<\/div>\n\t\t\t\t<\/div>\n\t\t\t\t<\/div>","protected":false},"excerpt":{"rendered":"<p>Contact HOTLINE 0901 391 002 (Peter Phan) EMAIL anhtai@rightmedia.vn | info@rightmedia.vn SAIGON OFFICE 06 Binh Quoi, Binh Quoi Ward, Ho Chi Minh City HANOI OFFICE 105-E5-Trung Tu - Dong Da - Hanoi Contact us now - instant offers Contact Form Your Name Phone Number Email Area Hanoi Saigon Northern Region Central Region [\u2026]<\/p>","protected":false},"author":1,"featured_media":0,"parent":0,"menu_order":0,"comment_status":"closed","ping_status":"closed","template":"elementor_header_footer","meta":{"footnotes":""},"class_list":["post-20","page","type-page","status-publish","hentry"],"acf":[],"yoast_head":"<!-- This site is optimized with the Yoast SEO Premium plugin v21.7 (Yoast SEO v22.6) - https:\/\/yoast.com\/wordpress\/plugins\/seo\/ -->\n<title>Li\u00ean h\u1ec7 - Right Media<\/title>\n<meta name=\"robots\" content=\"index, follow, max-snippet:-1, max-image-preview:large, max-video-preview:-1\" \/>\n<link rel=\"canonical\" href=\"https:\/\/rightmedia.vn\/en\/contact\/\" \/>\n<meta property=\"og:locale\" content=\"en_US\" \/>\n<meta property=\"og:type\" content=\"article\" \/>\n<meta property=\"og:title\" content=\"Li\u00ean h\u1ec7\" \/>\n<meta property=\"og:description\" content=\"Li\u00ean h\u1ec7 HOTLINE 0901 391 002 (Peter Phan) EMAIL anhtai@rightmedia.vn |\u00a0info@rightmedia.vn V\u0102N PH\u00d2NG S\u00c0I G\u00d2N 06 B\u00ecnh Qu\u1edbi, Ph\u01b0\u1eddng B\u00ecnh Qu\u1edbi, TP.HCM V\u0102N PH\u00d2NG H\u00c0 N\u1ed8I 105-E5-Trung T\u1ef1 &#8211; \u0110\u1ed1ng \u0110a &#8211; H\u00e0 N\u1ed9i Li\u00ean h\u1ec7 ngay &#8211; \u01b0u \u0111\u00e3i li\u1ec1n tay Contact Form T\u00ean c\u1ee7a b\u1ea1nS\u1ed1 \u0111i\u1ec7n tho\u1ea1iEmailKhu v\u1ef1cKhu v\u1ef1cH\u00e0 N\u1ed9iS\u00e0i G\u00f2nMi\u1ec1n B\u1eafcMi\u1ec1n TrungMi\u1ec1n [&hellip;]\" \/>\n<meta property=\"og:url\" content=\"https:\/\/rightmedia.vn\/en\/contact\/\" \/>\n<meta property=\"og:site_name\" content=\"Right Media\" \/>\n<meta property=\"article:publisher\" content=\"https:\/\/www.facebook.com\/rightmedia.vn\" \/>\n<meta property=\"article:modified_time\" content=\"2026-03-10T15:40:26+00:00\" \/>\n<meta name=\"twitter:card\" content=\"summary_large_image\" \/>\n<meta name=\"twitter:site\" content=\"@rightmediavn\" \/>\n<meta name=\"twitter:label1\" content=\"Est. reading time\" \/>\n\t<meta name=\"twitter:data1\" content=\"1 minute\" \/>\n<script type=\"application\/ld+json\" class=\"yoast-schema-graph\">{\"@context\":\"https:\/\/schema.org\",\"@graph\":[{\"@type\":\"WebPage\",\"@id\":\"https:\/\/rightmedia.vn\/lien-he\/\",\"url\":\"https:\/\/rightmedia.vn\/lien-he\/\",\"name\":\"Li\u00ean h\u1ec7 - Right Media\",\"isPartOf\":{\"@id\":\"https:\/\/rightmedia.vn\/#website\"},\"datePublished\":\"2024-05-03T07:19:05+00:00\",\"dateModified\":\"2026-03-10T15:40:26+00:00\",\"breadcrumb\":{\"@id\":\"https:\/\/rightmedia.vn\/lien-he\/#breadcrumb\"},\"inLanguage\":\"en-US\",\"potentialAction\":[{\"@type\":\"ReadAction\",\"target\":[\"https:\/\/rightmedia.vn\/lien-he\/\"]}]},{\"@type\":\"BreadcrumbList\",\"@id\":\"https:\/\/rightmedia.vn\/lien-he\/#breadcrumb\",\"itemListElement\":[{\"@type\":\"ListItem\",\"position\":1,\"name\":\"Trang ch\u1ee7\",\"item\":\"https:\/\/rightmedia.vn\/\"},{\"@type\":\"ListItem\",\"position\":2,\"name\":\"Li\u00ean h\u1ec7\"}]},{\"@type\":\"WebSite\",\"@id\":\"https:\/\/rightmedia.vn\/#website\",\"url\":\"https:\/\/rightmedia.vn\/\",\"name\":\"RIGHT MEDIA\",\"description\":\"\",\"publisher\":{\"@id\":\"https:\/\/rightmedia.vn\/#organization\"},\"potentialAction\":[{\"@type\":\"SearchAction\",\"target\":{\"@type\":\"EntryPoint\",\"urlTemplate\":\"https:\/\/rightmedia.vn\/?s={search_term_string}\"},\"query-input\":\"required name=search_term_string\"}],\"inLanguage\":\"en-US\"},{\"@type\":\"Organization\",\"@id\":\"https:\/\/rightmedia.vn\/#organization\",\"name\":\"RIGHT MEDIA\",\"url\":\"https:\/\/rightmedia.vn\/\",\"logo\":{\"@type\":\"ImageObject\",\"inLanguage\":\"en-US\",\"@id\":\"https:\/\/rightmedia.vn\/#\/schema\/logo\/image\/\",\"url\":\"https:\/\/rightmedia.vn\/wp-content\/uploads\/2024\/08\/android-chrome-512x512-1.png\",\"contentUrl\":\"https:\/\/rightmedia.vn\/wp-content\/uploads\/2024\/08\/android-chrome-512x512-1.png\",\"width\":512,\"height\":512,\"caption\":\"RIGHT MEDIA\"},\"image\":{\"@id\":\"https:\/\/rightmedia.vn\/#\/schema\/logo\/image\/\"},\"sameAs\":[\"https:\/\/www.facebook.com\/rightmedia.vn\",\"https:\/\/x.com\/rightmediavn\",\"https:\/\/www.pinterest.com\/rightmediavn\/\",\"https:\/\/www.tiktok.com\/@rightmedia.vn\"]}]}<\/script>\n<!-- \/ Yoast SEO Premium plugin. -->","yoast_head_json":{"title":"Li\u00ean h\u1ec7 - Right Media","robots":{"index":"index","follow":"follow","max-snippet":"max-snippet:-1","max-image-preview":"max-image-preview:large","max-video-preview":"max-video-preview:-1"},"canonical":"https:\/\/rightmedia.vn\/en\/contact\/","og_locale":"en_US","og_type":"article","og_title":"Li\u00ean h\u1ec7","og_description":"Li\u00ean h\u1ec7 HOTLINE 0901 391 002 (Peter Phan) EMAIL anhtai@rightmedia.vn |\u00a0info@rightmedia.vn V\u0102N PH\u00d2NG S\u00c0I G\u00d2N 06 B\u00ecnh Qu\u1edbi, Ph\u01b0\u1eddng B\u00ecnh Qu\u1edbi, TP.HCM V\u0102N PH\u00d2NG H\u00c0 N\u1ed8I 105-E5-Trung T\u1ef1 &#8211; \u0110\u1ed1ng \u0110a &#8211; H\u00e0 N\u1ed9i Li\u00ean h\u1ec7 ngay &#8211; \u01b0u \u0111\u00e3i li\u1ec1n tay Contact Form T\u00ean c\u1ee7a b\u1ea1nS\u1ed1 \u0111i\u1ec7n tho\u1ea1iEmailKhu v\u1ef1cKhu v\u1ef1cH\u00e0 N\u1ed9iS\u00e0i G\u00f2nMi\u1ec1n B\u1eafcMi\u1ec1n TrungMi\u1ec1n [&hellip;]","og_url":"https:\/\/rightmedia.vn\/en\/contact\/","og_site_name":"Right Media","article_publisher":"https:\/\/www.facebook.com\/rightmedia.vn","article_modified_time":"2026-03-10T15:40:26+00:00","twitter_card":"summary_large_image","twitter_site":"@rightmediavn","twitter_misc":{"Est. reading time":"1 minute"},"schema":{"@context":"https:\/\/schema.org","@graph":[{"@type":"WebPage","@id":"https:\/\/rightmedia.vn\/lien-he\/","url":"https:\/\/rightmedia.vn\/lien-he\/","name":"Li\u00ean h\u1ec7 - Right Media","isPartOf":{"@id":"https:\/\/rightmedia.vn\/#website"},"datePublished":"2024-05-03T07:19:05+00:00","dateModified":"2026-03-10T15:40:26+00:00","breadcrumb":{"@id":"https:\/\/rightmedia.vn\/lien-he\/#breadcrumb"},"inLanguage":"en-US","potentialAction":[{"@type":"ReadAction","target":["https:\/\/rightmedia.vn\/lien-he\/"]}]},{"@type":"BreadcrumbList","@id":"https:\/\/rightmedia.vn\/lien-he\/#breadcrumb","itemListElement":[{"@type":"ListItem","position":1,"name":"Trang ch\u1ee7","item":"https:\/\/rightmedia.vn\/"},{"@type":"ListItem","position":2,"name":"Li\u00ean h\u1ec7"}]},{"@type":"WebSite","@id":"https:\/\/rightmedia.vn\/#website","url":"https:\/\/rightmedia.vn\/","name":"RIGHT MEDIA","description":"","publisher":{"@id":"https:\/\/rightmedia.vn\/#organization"},"potentialAction":[{"@type":"SearchAction","target":{"@type":"EntryPoint","urlTemplate":"https:\/\/rightmedia.vn\/?s={search_term_string}"},"query-input":"required name=search_term_string"}],"inLanguage":"en-US"},{"@type":"Organization","@id":"https:\/\/rightmedia.vn\/#organization","name":"RIGHT MEDIA","url":"https:\/\/rightmedia.vn\/","logo":{"@type":"ImageObject","inLanguage":"en-US","@id":"https:\/\/rightmedia.vn\/#\/schema\/logo\/image\/","url":"https:\/\/rightmedia.vn\/wp-content\/uploads\/2024\/08\/android-chrome-512x512-1.png","contentUrl":"https:\/\/rightmedia.vn\/wp-content\/uploads\/2024\/08\/android-chrome-512x512-1.png","width":512,"height":512,"caption":"RIGHT MEDIA"},"image":{"@id":"https:\/\/rightmedia.vn\/#\/schema\/logo\/image\/"},"sameAs":["https:\/\/www.facebook.com\/rightmedia.vn","https:\/\/x.com\/rightmediavn","https:\/\/www.pinterest.com\/rightmediavn\/","https:\/\/www.tiktok.com\/@rightmedia.vn"]}]}},"_links":{"self":[{"href":"https:\/\/rightmedia.vn\/en\/wp-json\/wp\/v2\/pages\/20","targetHints":{"allow":["GET"]}}],"collection":[{"href":"https:\/\/rightmedia.vn\/en\/wp-json\/wp\/v2\/pages"}],"about":[{"href":"https:\/\/rightmedia.vn\/en\/wp-json\/wp\/v2\/types\/page"}],"author":[{"embeddable":true,"href":"https:\/\/rightmedia.vn\/en\/wp-json\/wp\/v2\/users\/1"}],"replies":[{"embeddable":true,"href":"https:\/\/rightmedia.vn\/en\/wp-json\/wp\/v2\/comments?post=20"}],"version-history":[{"count":66,"href":"https:\/\/rightmedia.vn\/en\/wp-json\/wp\/v2\/pages\/20\/revisions"}],"predecessor-version":[{"id":6296,"href":"https:\/\/rightmedia.vn\/en\/wp-json\/wp\/v2\/pages\/20\/revisions\/6296"}],"wp:attachment":[{"href":"https:\/\/rightmedia.vn\/en\/wp-json\/wp\/v2\/media?parent=20"}],"curies":[{"name":"wp","href":"https:\/\/api.w.org\/{rel}","templated":true}]}}