{"id":12,"date":"2024-05-03T07:18:19","date_gmt":"2024-05-03T07:18:19","guid":{"rendered":"http:\/\/rightmedia.123websitedev.com\/?page_id=12"},"modified":"2024-07-18T16:58:56","modified_gmt":"2024-07-18T09:58:56","slug":"tong-quan-right-academy","status":"publish","type":"page","link":"https:\/\/rightmedia.vn\/en\/tong-quan-right-academy\/","title":{"rendered":"Overview of Right Academy"},"content":{"rendered":"<div data-elementor-type=\"wp-page\" data-elementor-id=\"12\" class=\"elementor elementor-12\" data-elementor-post-type=\"page\">\n\t\t\t\t<div class=\"elementor-element elementor-element-12ff932 e-flex e-con-boxed e-con e-parent\" data-id=\"12ff932\" data-element_type=\"container\" data-e-type=\"container\" data-settings=\"{&quot;background_background&quot;:&quot;gradient&quot;}\">\n\t\t\t\t\t<div class=\"e-con-inner\">\n\t\t\t\t<div class=\"elementor-element elementor-element-e0dd8a3 elementor-widget elementor-widget-heading\" data-id=\"e0dd8a3\" data-element_type=\"widget\" data-e-type=\"widget\" data-widget_type=\"heading.default\">\n\t\t\t\t<div class=\"elementor-widget-container\">\n\t\t\t\t\t<h2 class=\"elementor-heading-title elementor-size-default\">Overview of Right Academy<\/h2>\t\t\t\t<\/div>\n\t\t\t\t<\/div>\n\t\t\t\t<div class=\"elementor-element elementor-element-821146e elementor-align-center elementor-widget elementor-widget-breadcrumbs\" data-id=\"821146e\" data-element_type=\"widget\" data-e-type=\"widget\" data-widget_type=\"breadcrumbs.default\">\n\t\t\t\t<div class=\"elementor-widget-container\">\n\t\t\t\t\t<p id=\"breadcrumbs\"><span><span><a href=\"https:\/\/rightmedia.vn\/en\/\">Homepage<\/a><\/span><\/span><\/p>\t\t\t\t<\/div>\n\t\t\t\t<\/div>\n\t\t\t\t\t<\/div>\n\t\t\t\t<\/div>\n\t\t<div class=\"elementor-element elementor-element-9608fef e-flex e-con-boxed e-con e-parent\" data-id=\"9608fef\" data-element_type=\"container\" data-e-type=\"container\">\n\t\t\t\t\t<div class=\"e-con-inner\">\n\t\t<div class=\"elementor-element elementor-element-5cfd9ea e-flex e-con-boxed e-con e-child\" data-id=\"5cfd9ea\" data-element_type=\"container\" data-e-type=\"container\">\n\t\t\t\t\t<div class=\"e-con-inner\">\n\t\t\t\t<div class=\"elementor-element elementor-element-e11ce85 elementor-widget elementor-widget-text-editor\" data-id=\"e11ce85\" data-element_type=\"widget\" data-e-type=\"widget\" data-widget_type=\"text-editor.default\">\n\t\t\t\t<div class=\"elementor-widget-container\">\n\t\t\t\t\t\t\t\t\t<p><strong>Production House \u2013 Right Academy <\/strong><\/p><p>After more than 7 years working in video production, Right Media has produced over 10,000 videos across various genres, providing services to individuals, KOLs, businesses, corporations, and well-known brands such as Dulux, SONY, Shinhan, ABC Bakery, Sacombank, PV, CP Group, etc. We believe that our knowledge and experience should be shared and contribute to the growth of the Production House community in Vietnam, making our profession more sustainable.<\/p><p>That&#039;s why we decided to dedicate <strong>40% working hours<\/strong> We are dedicating our efforts to building Right Academy, where our practical knowledge and experience gained from working at Right Media and other projects will be shared, updated, and always relevant to market demands. That&#039;s why we chose the slogan &quot;Learn Right, Do Right.&quot; With the right foundational knowledge and mindset, we are building a solid foundation for the &quot;House&quot; in &quot;Production House&quot; to be built sustainably. <em><strong>We \u2013 the mentors in this course \u2013 are also the &quot;builders&quot; who will help you lay the first bricks for your dreams.<\/strong><\/em><\/p>\t\t\t\t\t\t\t\t<\/div>\n\t\t\t\t<\/div>\n\t\t\t\t\t<\/div>\n\t\t\t\t<\/div>\n\t\t\t\t\t<\/div>\n\t\t\t\t<\/div>\n\t\t<div class=\"elementor-element elementor-element-75e731e e-flex e-con-boxed e-con e-parent\" data-id=\"75e731e\" data-element_type=\"container\" data-e-type=\"container\">\n\t\t\t\t\t<div class=\"e-con-inner\">\n\t\t\t\t<div class=\"elementor-element elementor-element-d7e0c84 elementor-widget elementor-widget-image\" data-id=\"d7e0c84\" data-element_type=\"widget\" data-e-type=\"widget\" data-widget_type=\"image.default\">\n\t\t\t\t<div class=\"elementor-widget-container\">\n\t\t\t\t\t\t\t\t\t\t\t\t\t\t\t<img fetchpriority=\"high\" decoding=\"async\" width=\"768\" height=\"1003\" src=\"https:\/\/rightmedia.vn\/wp-content\/uploads\/2024\/07\/Academy-768x1003.jpg\" class=\"attachment-medium_large size-medium_large wp-image-1906\" alt=\"\" srcset=\"https:\/\/rightmedia.vn\/wp-content\/uploads\/2024\/07\/Academy-768x1003.jpg 768w, https:\/\/rightmedia.vn\/wp-content\/uploads\/2024\/07\/Academy-scaled-600x784.jpg 600w, https:\/\/rightmedia.vn\/wp-content\/uploads\/2024\/07\/Academy-230x300.jpg 230w, https:\/\/rightmedia.vn\/wp-content\/uploads\/2024\/07\/Academy-784x1024.jpg 784w, https:\/\/rightmedia.vn\/wp-content\/uploads\/2024\/07\/Academy-1176x1536.jpg 1176w, https:\/\/rightmedia.vn\/wp-content\/uploads\/2024\/07\/Academy-1568x2048.jpg 1568w, https:\/\/rightmedia.vn\/wp-content\/uploads\/2024\/07\/Academy-scaled.jpg 1470w\" sizes=\"(max-width: 768px) 100vw, 768px\" \/>\t\t\t\t\t\t\t\t\t\t\t\t\t\t\t<\/div>\n\t\t\t\t<\/div>\n\t\t\t\t\t<\/div>\n\t\t\t\t<\/div>\n\t\t\t\t<\/div>","protected":false},"excerpt":{"rendered":"<p>Right Academy - Production House: After more than 7 years working in the video production field, Right Media has produced over 10,000 videos in various genres, providing services to individuals, KOLs, businesses, corporations, and famous brands such as Dulux, SONY, Shinhan, ABC Bakery, Sacombank, [\u2026]<\/p>","protected":false},"author":1,"featured_media":0,"parent":0,"menu_order":0,"comment_status":"closed","ping_status":"closed","template":"elementor_header_footer","meta":{"footnotes":""},"class_list":["post-12","page","type-page","status-publish","hentry"],"acf":[],"yoast_head":"<!-- This site is optimized with the Yoast SEO Premium plugin v21.7 (Yoast SEO v22.6) - https:\/\/yoast.com\/wordpress\/plugins\/seo\/ -->\n<title>T\u1ed5ng quan Right Academy - Right Media<\/title>\n<meta name=\"description\" content=\"Ch\u00fang t\u00f4i - Right Media tin r\u1eb1ng ki\u1ebfn th\u1ee9c v\u00e0 kinh nghi\u1ec7m c\u1ea7n \u0111\u01b0\u1ee3c cho \u0111i v\u00e0 gi\u00fap c\u1ed9ng \u0111\u1ed3ng Production House t\u1ea1i Vi\u1ec7t Nam ng\u00e0y m\u1ed9t ph\u00e1t tri\u1ec3n.\" \/>\n<meta name=\"robots\" content=\"index, follow, max-snippet:-1, max-image-preview:large, max-video-preview:-1\" \/>\n<link rel=\"canonical\" href=\"https:\/\/rightacademy.vn\/\" \/>\n<meta property=\"og:locale\" content=\"en_US\" \/>\n<meta property=\"og:type\" content=\"article\" \/>\n<meta property=\"og:title\" content=\"T\u1ed5ng quan Right Academy\" \/>\n<meta property=\"og:description\" content=\"Ch\u00fang t\u00f4i - Right Media tin r\u1eb1ng ki\u1ebfn th\u1ee9c v\u00e0 kinh nghi\u1ec7m c\u1ea7n \u0111\u01b0\u1ee3c cho \u0111i v\u00e0 gi\u00fap c\u1ed9ng \u0111\u1ed3ng Production House t\u1ea1i Vi\u1ec7t Nam ng\u00e0y m\u1ed9t ph\u00e1t tri\u1ec3n.\" \/>\n<meta property=\"og:url\" content=\"https:\/\/rightacademy.vn\/\" \/>\n<meta property=\"og:site_name\" content=\"Right Media\" \/>\n<meta property=\"article:publisher\" content=\"https:\/\/www.facebook.com\/rightmedia.vn\" \/>\n<meta property=\"article:modified_time\" content=\"2024-07-18T09:58:56+00:00\" \/>\n<meta property=\"og:image\" content=\"https:\/\/rightmedia.vn\/wp-content\/uploads\/2024\/07\/Academy-768x1003.jpg\" \/>\n<meta name=\"twitter:card\" content=\"summary_large_image\" \/>\n<meta name=\"twitter:site\" content=\"@rightmediavn\" \/>\n<meta name=\"twitter:label1\" content=\"Est. reading time\" \/>\n\t<meta name=\"twitter:data1\" content=\"2 minutes\" \/>\n<script type=\"application\/ld+json\" class=\"yoast-schema-graph\">{\"@context\":\"https:\/\/schema.org\",\"@graph\":[{\"@type\":\"WebPage\",\"@id\":\"https:\/\/rightacademy.vn\/\",\"url\":\"https:\/\/rightacademy.vn\/\",\"name\":\"T\u1ed5ng quan Right Academy - Right Media\",\"isPartOf\":{\"@id\":\"https:\/\/rightmedia.vn\/#website\"},\"primaryImageOfPage\":{\"@id\":\"https:\/\/rightacademy.vn\/#primaryimage\"},\"image\":{\"@id\":\"https:\/\/rightacademy.vn\/#primaryimage\"},\"thumbnailUrl\":\"https:\/\/rightmedia.vn\/wp-content\/uploads\/2024\/07\/Academy-768x1003.jpg\",\"datePublished\":\"2024-05-03T07:18:19+00:00\",\"dateModified\":\"2024-07-18T09:58:56+00:00\",\"description\":\"Ch\u00fang t\u00f4i - Right Media tin r\u1eb1ng ki\u1ebfn th\u1ee9c v\u00e0 kinh nghi\u1ec7m c\u1ea7n \u0111\u01b0\u1ee3c cho \u0111i v\u00e0 gi\u00fap c\u1ed9ng \u0111\u1ed3ng Production House t\u1ea1i Vi\u1ec7t Nam ng\u00e0y m\u1ed9t ph\u00e1t tri\u1ec3n.\",\"breadcrumb\":{\"@id\":\"https:\/\/rightacademy.vn\/#breadcrumb\"},\"inLanguage\":\"en-US\",\"potentialAction\":[{\"@type\":\"ReadAction\",\"target\":[\"https:\/\/rightacademy.vn\/\"]}]},{\"@type\":\"ImageObject\",\"inLanguage\":\"en-US\",\"@id\":\"https:\/\/rightacademy.vn\/#primaryimage\",\"url\":\"https:\/\/rightmedia.vn\/wp-content\/uploads\/2024\/07\/Academy-768x1003.jpg\",\"contentUrl\":\"https:\/\/rightmedia.vn\/wp-content\/uploads\/2024\/07\/Academy-768x1003.jpg\"},{\"@type\":\"BreadcrumbList\",\"@id\":\"https:\/\/rightacademy.vn\/#breadcrumb\",\"itemListElement\":[{\"@type\":\"ListItem\",\"position\":1,\"name\":\"Trang ch\u1ee7\",\"item\":\"https:\/\/rightmedia.vn\/\"},{\"@type\":\"ListItem\",\"position\":2,\"name\":\"T\u1ed5ng quan Right Academy\"}]},{\"@type\":\"WebSite\",\"@id\":\"https:\/\/rightmedia.vn\/#website\",\"url\":\"https:\/\/rightmedia.vn\/\",\"name\":\"RIGHT MEDIA\",\"description\":\"\",\"publisher\":{\"@id\":\"https:\/\/rightmedia.vn\/#organization\"},\"potentialAction\":[{\"@type\":\"SearchAction\",\"target\":{\"@type\":\"EntryPoint\",\"urlTemplate\":\"https:\/\/rightmedia.vn\/?s={search_term_string}\"},\"query-input\":\"required name=search_term_string\"}],\"inLanguage\":\"en-US\"},{\"@type\":\"Organization\",\"@id\":\"https:\/\/rightmedia.vn\/#organization\",\"name\":\"RIGHT MEDIA\",\"url\":\"https:\/\/rightmedia.vn\/\",\"logo\":{\"@type\":\"ImageObject\",\"inLanguage\":\"en-US\",\"@id\":\"https:\/\/rightmedia.vn\/#\/schema\/logo\/image\/\",\"url\":\"https:\/\/rightmedia.vn\/wp-content\/uploads\/2024\/08\/android-chrome-512x512-1.png\",\"contentUrl\":\"https:\/\/rightmedia.vn\/wp-content\/uploads\/2024\/08\/android-chrome-512x512-1.png\",\"width\":512,\"height\":512,\"caption\":\"RIGHT MEDIA\"},\"image\":{\"@id\":\"https:\/\/rightmedia.vn\/#\/schema\/logo\/image\/\"},\"sameAs\":[\"https:\/\/www.facebook.com\/rightmedia.vn\",\"https:\/\/x.com\/rightmediavn\",\"https:\/\/www.pinterest.com\/rightmediavn\/\",\"https:\/\/www.tiktok.com\/@rightmedia.vn\"]}]}<\/script>\n<!-- \/ Yoast SEO Premium plugin. -->","yoast_head_json":{"title":"T\u1ed5ng quan Right Academy - Right Media","description":"Ch\u00fang t\u00f4i - Right Media tin r\u1eb1ng ki\u1ebfn th\u1ee9c v\u00e0 kinh nghi\u1ec7m c\u1ea7n \u0111\u01b0\u1ee3c cho \u0111i v\u00e0 gi\u00fap c\u1ed9ng \u0111\u1ed3ng Production House t\u1ea1i Vi\u1ec7t Nam ng\u00e0y m\u1ed9t ph\u00e1t tri\u1ec3n.","robots":{"index":"index","follow":"follow","max-snippet":"max-snippet:-1","max-image-preview":"max-image-preview:large","max-video-preview":"max-video-preview:-1"},"canonical":"https:\/\/rightacademy.vn\/","og_locale":"en_US","og_type":"article","og_title":"T\u1ed5ng quan Right Academy","og_description":"Ch\u00fang t\u00f4i - Right Media tin r\u1eb1ng ki\u1ebfn th\u1ee9c v\u00e0 kinh nghi\u1ec7m c\u1ea7n \u0111\u01b0\u1ee3c cho \u0111i v\u00e0 gi\u00fap c\u1ed9ng \u0111\u1ed3ng Production House t\u1ea1i Vi\u1ec7t Nam ng\u00e0y m\u1ed9t ph\u00e1t tri\u1ec3n.","og_url":"https:\/\/rightacademy.vn\/","og_site_name":"Right Media","article_publisher":"https:\/\/www.facebook.com\/rightmedia.vn","article_modified_time":"2024-07-18T09:58:56+00:00","og_image":[{"url":"https:\/\/rightmedia.vn\/wp-content\/uploads\/2024\/07\/Academy-768x1003.jpg"}],"twitter_card":"summary_large_image","twitter_site":"@rightmediavn","twitter_misc":{"Est. reading time":"2 minutes"},"schema":{"@context":"https:\/\/schema.org","@graph":[{"@type":"WebPage","@id":"https:\/\/rightacademy.vn\/","url":"https:\/\/rightacademy.vn\/","name":"T\u1ed5ng quan Right Academy - Right Media","isPartOf":{"@id":"https:\/\/rightmedia.vn\/#website"},"primaryImageOfPage":{"@id":"https:\/\/rightacademy.vn\/#primaryimage"},"image":{"@id":"https:\/\/rightacademy.vn\/#primaryimage"},"thumbnailUrl":"https:\/\/rightmedia.vn\/wp-content\/uploads\/2024\/07\/Academy-768x1003.jpg","datePublished":"2024-05-03T07:18:19+00:00","dateModified":"2024-07-18T09:58:56+00:00","description":"Ch\u00fang t\u00f4i - Right Media tin r\u1eb1ng ki\u1ebfn th\u1ee9c v\u00e0 kinh nghi\u1ec7m c\u1ea7n \u0111\u01b0\u1ee3c cho \u0111i v\u00e0 gi\u00fap c\u1ed9ng \u0111\u1ed3ng Production House t\u1ea1i Vi\u1ec7t Nam ng\u00e0y m\u1ed9t ph\u00e1t tri\u1ec3n.","breadcrumb":{"@id":"https:\/\/rightacademy.vn\/#breadcrumb"},"inLanguage":"en-US","potentialAction":[{"@type":"ReadAction","target":["https:\/\/rightacademy.vn\/"]}]},{"@type":"ImageObject","inLanguage":"en-US","@id":"https:\/\/rightacademy.vn\/#primaryimage","url":"https:\/\/rightmedia.vn\/wp-content\/uploads\/2024\/07\/Academy-768x1003.jpg","contentUrl":"https:\/\/rightmedia.vn\/wp-content\/uploads\/2024\/07\/Academy-768x1003.jpg"},{"@type":"BreadcrumbList","@id":"https:\/\/rightacademy.vn\/#breadcrumb","itemListElement":[{"@type":"ListItem","position":1,"name":"Trang ch\u1ee7","item":"https:\/\/rightmedia.vn\/"},{"@type":"ListItem","position":2,"name":"T\u1ed5ng quan Right Academy"}]},{"@type":"WebSite","@id":"https:\/\/rightmedia.vn\/#website","url":"https:\/\/rightmedia.vn\/","name":"RIGHT MEDIA","description":"","publisher":{"@id":"https:\/\/rightmedia.vn\/#organization"},"potentialAction":[{"@type":"SearchAction","target":{"@type":"EntryPoint","urlTemplate":"https:\/\/rightmedia.vn\/?s={search_term_string}"},"query-input":"required name=search_term_string"}],"inLanguage":"en-US"},{"@type":"Organization","@id":"https:\/\/rightmedia.vn\/#organization","name":"RIGHT MEDIA","url":"https:\/\/rightmedia.vn\/","logo":{"@type":"ImageObject","inLanguage":"en-US","@id":"https:\/\/rightmedia.vn\/#\/schema\/logo\/image\/","url":"https:\/\/rightmedia.vn\/wp-content\/uploads\/2024\/08\/android-chrome-512x512-1.png","contentUrl":"https:\/\/rightmedia.vn\/wp-content\/uploads\/2024\/08\/android-chrome-512x512-1.png","width":512,"height":512,"caption":"RIGHT MEDIA"},"image":{"@id":"https:\/\/rightmedia.vn\/#\/schema\/logo\/image\/"},"sameAs":["https:\/\/www.facebook.com\/rightmedia.vn","https:\/\/x.com\/rightmediavn","https:\/\/www.pinterest.com\/rightmediavn\/","https:\/\/www.tiktok.com\/@rightmedia.vn"]}]}},"_links":{"self":[{"href":"https:\/\/rightmedia.vn\/en\/wp-json\/wp\/v2\/pages\/12","targetHints":{"allow":["GET"]}}],"collection":[{"href":"https:\/\/rightmedia.vn\/en\/wp-json\/wp\/v2\/pages"}],"about":[{"href":"https:\/\/rightmedia.vn\/en\/wp-json\/wp\/v2\/types\/page"}],"author":[{"embeddable":true,"href":"https:\/\/rightmedia.vn\/en\/wp-json\/wp\/v2\/users\/1"}],"replies":[{"embeddable":true,"href":"https:\/\/rightmedia.vn\/en\/wp-json\/wp\/v2\/comments?post=12"}],"version-history":[{"count":0,"href":"https:\/\/rightmedia.vn\/en\/wp-json\/wp\/v2\/pages\/12\/revisions"}],"wp:attachment":[{"href":"https:\/\/rightmedia.vn\/en\/wp-json\/wp\/v2\/media?parent=12"}],"curies":[{"name":"wp","href":"https:\/\/api.w.org\/{rel}","templated":true}]}}